{"id":29,"date":"2023-02-05T15:33:20","date_gmt":"2023-02-05T15:33:20","guid":{"rendered":"https:\/\/photoboxhr.com\/?page_id=29"},"modified":"2025-02-03T08:18:42","modified_gmt":"2025-02-03T08:18:42","slug":"vjencanja","status":"publish","type":"page","link":"https:\/\/photoboxhr.com\/en\/vjencanja\/","title":{"rendered":"Vjen\u010danja"},"content":{"rendered":"<p>Treba\u0161 photo booth za vjen\u010danje kako bi zabavili goste? Iznajmite na\u0161e super zabavne photo booth ure\u0111aje i birajte izme\u0111u tri vrste paketa! Neka PhotoBox photo booth bude idealan na\u010din za snimanje najboljih i najsmje\u0161nijih uspomena.<\/p>","protected":false},"excerpt":{"rendered":"<p>Treba\u0161 photo booth za vjen\u010danje kako bi zabavili goste? Iznajmite na\u0161e super zabavne photo booth ure\u0111aje i birajte izme\u0111u tri vrste paketa! Neka PhotoBox photo booth bude idealan na\u010din za snimanje najboljih i najsmje\u0161nijih uspomena.<\/p>","protected":false},"author":2,"featured_media":210,"parent":0,"menu_order":0,"comment_status":"closed","ping_status":"closed","template":"","meta":{"slim_seo":{"title":"Vjen\u010danja - PhotoBox\u00a0photo\u00a0booth","description":"Do you need a wedding photo booth to entertain your guests? Rent our super fun photo booth devices and choose from three types of packages!"},"footnotes":""},"class_list":["post-29","page","type-page","status-publish","has-post-thumbnail","hentry"],"meta_box":{"partneri":[],"galerija_partnera":[],"dodatne_informacije":"","savrseno_za":[],"recenzije":[{"naslov":"Ina","opis":"Presavr\u0161eno! Svi gosti su maksimalno odu\u0161evljeni photo boothom i hostesom koja je cijelu ve\u010der pomagala. Na kraju imamo jo\u0161 jednu predivnu uspomenu wedding book-a. Odu\u0161evljeni smo i zahvaljujemo Vam od srca \u0161to ste nam uljep\u0161ali na\u0161 dan"},{"naslov":"Ana","opis":"Ure\u0111aj je fantasti\u010dan. Pun pogodak za na\u0161e vjen\u010danje. Svi su bili odu\u0161evljeni. Kvaliteta slika je odli\u010dna. Sve preporuke!!"},{"naslov":"Marina","opis":"Mu\u017e i ja rezervirali smo sa PhotoBox photo booth i bili smo odu\u0161evljeni, od brzog odgovaranja na upit, komunikacije do samog vjen\u010danja. Fotke su ispale izvrsno a hostesa koja je radila je bila jako ljubazna"},{"naslov":"Antonija","opis":"Fotke su odli\u010dne, hostesa je jako ljubazna, a ono \u0161to nas je odu\u0161evilo jest guestbook i USB stick sa svim na\u0161im fotkama koji nam je stigao na adresu nakon vjen\u010danja.\u00a0Sve\u00a0pohvale\u00a0:)"},{"naslov":"Branimira P","opis":"Hvala na odli\u010dnoj profesionalnosti i komunikaciji . Doista je bilo super sura\u0111ivati s vama. Svakako za daljnju preporuku."},{"naslov":"Jelena B","opis":"Jako ugodna suradnja, od samog po\u010detka ugodna komunikacija oko dogovora. Bilo je sve kako smo dogovorili, od dizajna koji je prilago\u0111en pa sve ostalo. Od mene ide svakako preporuka. \ud83d\ude0a"},{"naslov":"Ana B","opis":"Za svaku preporuku! Vrhunska usluga, predivna uspomena na najljep\u0161i dan u \u017eivotu i garantiran smijeh i zabava sa uzvanicima. "},{"naslov":"Dora \u0160","opis":"Sve je bilo odli\u010dno i gosti su se zaista zabavili. Najvi\u0161e se mo\u017ee vidjeti prema \u010dinjenici da nam je na kraju i ponestalo stranica u knjizi gdje su se\u00a0lijepile\u00a0fotke."}],"video":[]},"_links":{"self":[{"href":"https:\/\/photoboxhr.com\/en\/wp-json\/wp\/v2\/pages\/29","targetHints":{"allow":["GET"]}}],"collection":[{"href":"https:\/\/photoboxhr.com\/en\/wp-json\/wp\/v2\/pages"}],"about":[{"href":"https:\/\/photoboxhr.com\/en\/wp-json\/wp\/v2\/types\/page"}],"author":[{"embeddable":true,"href":"https:\/\/photoboxhr.com\/en\/wp-json\/wp\/v2\/users\/2"}],"replies":[{"embeddable":true,"href":"https:\/\/photoboxhr.com\/en\/wp-json\/wp\/v2\/comments?post=29"}],"version-history":[{"count":2,"href":"https:\/\/photoboxhr.com\/en\/wp-json\/wp\/v2\/pages\/29\/revisions"}],"predecessor-version":[{"id":31,"href":"https:\/\/photoboxhr.com\/en\/wp-json\/wp\/v2\/pages\/29\/revisions\/31"}],"wp:featuredmedia":[{"embeddable":true,"href":"https:\/\/photoboxhr.com\/en\/wp-json\/wp\/v2\/media\/210"}],"wp:attachment":[{"href":"https:\/\/photoboxhr.com\/en\/wp-json\/wp\/v2\/media?parent=29"}],"curies":[{"name":"wp","href":"https:\/\/api.w.org\/{rel}","templated":true}]}}