{"id":84,"date":"2023-02-12T15:58:42","date_gmt":"2023-02-12T15:58:42","guid":{"rendered":"https:\/\/photoboxhr.com\/?page_id=84"},"modified":"2023-03-28T08:12:36","modified_gmt":"2023-03-28T08:12:36","slug":"pravila-privatnosti","status":"publish","type":"page","link":"https:\/\/photoboxhr.com\/en\/pravila-privatnosti\/","title":{"rendered":"Pravila privatnosti"},"content":{"rendered":"<p><strong>Pravila privatnosti i op\u0107e odredbe<\/strong><\/p>\n\n\n\n<p><strong>Prikupljanje, obrada i sigurnost osobnih podataka ( Za\u0161tita i prikupljanje osobnih informacija<\/strong>)<\/p>\n\n\n\n<p>XYZ entertainment, obrt za usluge, vl. Dino Kne\u017eevi\u0107 vodi brigu o za\u0161titi Va\u0161e privatnosti sukladno pozitivnim zakonskim propisima. Osobne podatke koje ostavljate kako biste nas kontaktirali ili se raspitali o proizvodu koristimo u najboljoj namjeri i za svrhu za koju ste svoje podatke ostavili. Privatne podatke koje ostavljate kako biste ostvarili kontakt s nama te se raspitali o nama XYZ entertainment, obrt za usluge, vl. Dino Kne\u017eevi\u0107 ne dijeli s tre\u0107im stranama.<\/p>\n\n\n\n<p>XYZ entertainment, obrt za usluge, vl. Dino Kne\u017eevi\u0107 se obvezuje, u skladu sa Zakonom o za\u0161titi osobnih podataka (GDPR), pru\u017eati za\u0161titu osobnim podacima kupaca, tako da prikuplja samo nu\u017ene, osnovne podatke o kupcima koji su potrebni za ispunjenje ugovora.&nbsp;XYZ entertainment, obrt za usluge, vl. Dino Kne\u017eevi\u0107 promotivnu, ne\u017eeljenu i sl. elektroni\u010dku po\u0161tu, osim one vezane za narud\u017ebu, niti sakuplja evidenciju adresa za slanje istih. Svi djelatnici obrta&nbsp;XYZ entertainment, obrt za usluge, vl. Dino Kne\u017eevi\u0107 i poslovni partneri odgovorni su za po\u0161tivanje na\u010dela za\u0161tite privatnosti.<\/p>\n\n\n\n<p>Na na\u0161im stranicama koristimo Googleov alat za analizu prometa i statisti\u010dku analizu navika posjetitelja kako bismo mogli isporu\u010diti \u0161to kvalitetniji sadr\u017eaj za na\u0161e posjetitelje. Pri tome se mogu prikupljati tehni\u010dki podaci poput tipa ure\u0111aja koji koristite i operativnog sustava, lokacije IP adrese s koje pristupate stranicama, preglednika i sli\u010dnih podataka. Takve podaci proslje\u0111uju se tre\u0107oj strani \u2013 Google Inc. te Vas molimo da pogledate njihova pravila privatnosti za vi\u0161e informacija. Pravila privatnosti Google Inc. dostupna su na adresi: <a href=\"http:\/\/www.google.com\/analytics\/terms\/gb.html\">http:\/\/www.google.com\/analytics\/terms\/gb.html<\/a><\/p>\n\n\n\n<p><strong>1. Voditelj obrade podataka<\/strong><br>XYZ entertainment, obrt za usluge, vl. Dino Kne\u017eevi\u0107 &nbsp;je voditelj obrade osobnih podataka&nbsp;web stranice <a href=\"http:\/\/photoboxhr.com\/en\/\">photoboxhr.com<\/a>. Politika privatnosti primjenjuje se na sve osobne podatke korisnika koje prikupljamo i obra\u0111ujemo, izravno ili putem svojih partnera. Osobni podatak je svaki podatak koji se odnosi na fizi\u010dku osobu \u010diji je identitet utvr\u0111en ili se mo\u017ee utvrditi, izravno ili neizravno. Obrada podataka je bilo koja radnja izvr\u0161ena na osobnim podacima, poput primjerice prikupljanja, pohrane, upotrebe, uvida i prijenosa osobnih podataka. Ova politika se ne primjenjuje na anonimne podatke. Anonimni podatak je podatak koji se ne mo\u017ee povezati s odre\u0111enom fizi\u010dkom osobom.<\/p>\n\n\n\n<p><strong>2. Koju vrstu osobnih podataka prikupljamo<\/strong><br>Za potrebe poslovanja (ispunjenja ugovora) prikupljamo sljede\u0107e podatke:<\/p>\n\n\n\n<ul class=\"wp-block-list\">\n<li>Ime i prezime\u00a0primatelja<\/li>\n\n\n\n<li>Email adresu\u00a0primatelja<\/li>\n\n\n\n<li>OIB primatelja<\/li>\n\n\n\n<li>Adresu isporuke\u00a0photo\u00a0bootha\u00a0primatelja<\/li>\n<\/ul>\n\n\n\n<p><strong>3. U koju svrhu se koriste podaci<\/strong><br>Prikupljeni podaci koriste se za izvr\u0161avanje ugovora,&nbsp;izdavanje ra\u010duna i kontaktiranje primatelja ili naru\u010ditelja, a vezano za izvr\u0161enje ugovora.<br>Podatke ne koristimo u druge svrhe tj. ne \u0161aljemo newslettere, ne obra\u0111ujemo podatke za neku drugu svrhu, niti ih ustupamo tre\u0107oj strani za obradu, osim partnerima za izvr\u0161enje ugovora tj. dostavu naru\u010denih proizvoda, te kroz servise (email i hosting servisi) koje koristimo samo u svrhu izvr\u0161enja ugovora.<\/p>\n\n\n\n<p>XYZ entertainment, obrt za usluge, vl. Dino Kne\u017eevi\u0107 se obavezuje trajno izbrisati poslane fotografije nakon \u0161to je po\u0161iljka dostavljena.&nbsp;XYZ entertainment, obrt za usluge, vl. Dino Kne\u017eevi\u0107 nema pravo kori\u0161tenja fotografija osim ako za to nije zatra\u017eio kupca odobrenje i kupac mu je pismeno poslao odobrenje.<\/p>\n\n\n\n<p><strong>4. Iznimno otkrivanje osobnih podataka<\/strong><br>U slu\u010daju zakonskih odredbi ili kada od nas to zatra\u017ei ovla\u0161teno tijelo RH (policija, sud, inspekcija i sl.), podaci \u0107e biti ustupljeni zahtjevatelju.<\/p>\n\n\n\n<p><strong>Autorska prava<\/strong><\/p>\n\n\n\n<p>Strogo je zabranjeno objavljivanje, kopiranje, povezivanje, distribucija, komercijalno<br>iskori\u0161tavanje preuzetog materijala (tekstovi, slike, logo i sl.) ili bilo kakvo drugo mijenjanje ove internetske stranice ili sadr\u017eaja sa dru\u0161tvenih mre\u017ea bez izri\u010ditog pismenog odobrenja\u00a0XYZ entertainment, obrt za usluge, vl. Dino Kne\u017eevi\u0107. Sve fotografije i videozapisi su u vlasni\u0161tvu XYZ entertainment, obrt za usluge, vl. Dino Kne\u017eevi\u0107. Sve fotografije i videozapisi uslikani odnosno snimljeni PhotoBox photo boothom odnosno 360\u00b0 boothom XYZ entertainment, obrt za usluge, vl. Dino Kne\u017eevi\u0107 nakon ili tijekom eventa dostavlja klijentu. Klijent ima pravo koristiti materijale, ali ne i dijeliti ih tre\u0107im stranama bez odobrenja XYZ entertainment, obrt za usluge, vl. Dino Kne\u017eevi\u0107. Ukoliko tre\u0107a strana ima \u017eelju koristiti materijale, ovisno o dogovoru i odobrenju sa XYZ entertainment, obrt za usluge, vl. Dino Kne\u017eevi\u0107, ima pravo. Ukoliko XYZ entertainment, obrt za usluge, vl. Dino Kne\u017eevi\u0107 to ne odobri, imaju pravo tra\u017eiti tre\u0107u stranu nov\u010danu naknadu.<\/p>\n\n\n\n<p>Kr\u0161enje ove zabrane rezultira povredom prava intelektualnog vlasni\u0161tva i mo\u017ee dovesti do pokretanja vi\u0161e vrsta sudskih postupaka.<\/p>","protected":false},"excerpt":{"rendered":"<p>Pravila privatnosti i op\u0107e odredbe Prikupljanje, obrada i sigurnost osobnih podataka ( Za\u0161tita i prikupljanje osobnih informacija) XYZ entertainment, obrt za usluge, vl. Dino Kne\u017eevi\u0107 vodi brigu o za\u0161titi Va\u0161e privatnosti sukladno pozitivnim zakonskim propisima. Osobne podatke koje ostavljate kako biste nas kontaktirali ili se raspitali o proizvodu koristimo u najboljoj namjeri i za svrhu [&hellip;]<\/p>","protected":false},"author":2,"featured_media":0,"parent":0,"menu_order":0,"comment_status":"closed","ping_status":"closed","template":"","meta":{"slim_seo":{"noindex":"1","title":"Pravila privatnosti - Photo Booth","description":"Pravila privatnosti i op\u0107e odredbe Prikupljanje, obrada i sigurnost osobnih podataka ( Za\u0161tita i prikupljanje osobnih informacija ) XYZ entertainment, obrt za u"},"footnotes":""},"class_list":["post-84","page","type-page","status-publish","hentry"],"meta_box":{"partneri":[],"galerija_partnera":[],"dodatne_informacije":"","savrseno_za":[],"recenzije":[],"video":[]},"_links":{"self":[{"href":"https:\/\/photoboxhr.com\/en\/wp-json\/wp\/v2\/pages\/84","targetHints":{"allow":["GET"]}}],"collection":[{"href":"https:\/\/photoboxhr.com\/en\/wp-json\/wp\/v2\/pages"}],"about":[{"href":"https:\/\/photoboxhr.com\/en\/wp-json\/wp\/v2\/types\/page"}],"author":[{"embeddable":true,"href":"https:\/\/photoboxhr.com\/en\/wp-json\/wp\/v2\/users\/2"}],"replies":[{"embeddable":true,"href":"https:\/\/photoboxhr.com\/en\/wp-json\/wp\/v2\/comments?post=84"}],"version-history":[{"count":2,"href":"https:\/\/photoboxhr.com\/en\/wp-json\/wp\/v2\/pages\/84\/revisions"}],"predecessor-version":[{"id":417,"href":"https:\/\/photoboxhr.com\/en\/wp-json\/wp\/v2\/pages\/84\/revisions\/417"}],"wp:attachment":[{"href":"https:\/\/photoboxhr.com\/en\/wp-json\/wp\/v2\/media?parent=84"}],"curies":[{"name":"wp","href":"https:\/\/api.w.org\/{rel}","templated":true}]}}