{"id":88,"date":"2023-02-12T16:05:28","date_gmt":"2023-02-12T16:05:28","guid":{"rendered":"https:\/\/photoboxhr.com\/?page_id=88"},"modified":"2023-04-12T07:25:26","modified_gmt":"2023-04-12T07:25:26","slug":"proslave","status":"publish","type":"page","link":"https:\/\/photoboxhr.com\/en\/proslave\/","title":{"rendered":"Celebrations"},"content":{"rendered":"<p>Proslave ro\u0111endana uvijek su zabavnije uz fotografije, a sada mo\u017eete iznajmiti photo booth ure\u0111aj uz hrpu rekvizita za fotografiranje. Savr\u0161en provod \u0107e biti zagarantiran uz PhotoBox photo booth.<\/p>","protected":false},"excerpt":{"rendered":"<p>Proslave ro\u0111endana uvijek su zabavnije uz fotografije, a sada mo\u017eete iznajmiti photo booth ure\u0111aj uz hrpu rekvizita za fotografiranje. Savr\u0161en provod \u0107e biti zagarantiran uz PhotoBox photo booth.<\/p>","protected":false},"author":2,"featured_media":89,"parent":0,"menu_order":0,"comment_status":"closed","ping_status":"closed","template":"","meta":{"slim_seo":{"title":"Proslave - PhotoBox photo booth","description":"Birthday parties are always more fun with photos, and now you can rent a photo booth device with a bunch of photo props."},"footnotes":""},"class_list":["post-88","page","type-page","status-publish","has-post-thumbnail","hentry"],"meta_box":{"partneri":[],"galerija_partnera":[],"dodatne_informacije":"","savrseno_za":[],"recenzije":[{"naslov":"Dario","opis":"50. ro\u0111endan protekao je izvrsno zahvaljuju\u0107i PhotoBox-u kojeg su svi uzvanici obo\u017eavali i jedva \u010dekali da do\u0111u na red za slikanje!"},{"naslov":"Lea","opis":"Imala sam PhotoBox photo booth za 21. ro\u0111endan, i to mi je bila  od boljih odluka, preko 100 fotki na kojima smo svi bili nasmijani i veseli! Definitivno sve preporuke"},{"naslov":"Ivana","opis":"Presavr\u0161eno! Svi gosti su maksimalno odu\u0161evljeni photo boothom i hostesom koja je cijelu ve\u010der pomagala. Odu\u0161evljeni smo i zahvaljujemo Vam od srca \u0161to ste nam uljep\u0161ali na\u0161 dan!"},{"naslov":"Lana","opis":"Odli\u010dno smo proslavili 10 godina mature uz photo booth radi kojeg imamo predivne uspomene. Sve pohvale ekipa!!"},{"naslov":"Petar","opis":"Za djevojkin ro\u0111endan sam iznajmio photo booth kao iznena\u0111enje i mogu re\u0107i da je bili odli\u010dno!! Osim \u0161to je ona bila odu\u0161evljena iznena\u0111enjem i photo boothom kao poklonom, ostale su nam lude fotke kao odli\u010dna uspomena"}],"video":[]},"_links":{"self":[{"href":"https:\/\/photoboxhr.com\/en\/wp-json\/wp\/v2\/pages\/88","targetHints":{"allow":["GET"]}}],"collection":[{"href":"https:\/\/photoboxhr.com\/en\/wp-json\/wp\/v2\/pages"}],"about":[{"href":"https:\/\/photoboxhr.com\/en\/wp-json\/wp\/v2\/types\/page"}],"author":[{"embeddable":true,"href":"https:\/\/photoboxhr.com\/en\/wp-json\/wp\/v2\/users\/2"}],"replies":[{"embeddable":true,"href":"https:\/\/photoboxhr.com\/en\/wp-json\/wp\/v2\/comments?post=88"}],"version-history":[{"count":1,"href":"https:\/\/photoboxhr.com\/en\/wp-json\/wp\/v2\/pages\/88\/revisions"}],"predecessor-version":[{"id":90,"href":"https:\/\/photoboxhr.com\/en\/wp-json\/wp\/v2\/pages\/88\/revisions\/90"}],"wp:featuredmedia":[{"embeddable":true,"href":"https:\/\/photoboxhr.com\/en\/wp-json\/wp\/v2\/media\/89"}],"wp:attachment":[{"href":"https:\/\/photoboxhr.com\/en\/wp-json\/wp\/v2\/media?parent=88"}],"curies":[{"name":"wp","href":"https:\/\/api.w.org\/{rel}","templated":true}]}}