{"id":91,"date":"2023-02-12T16:06:09","date_gmt":"2023-02-12T16:06:09","guid":{"rendered":"https:\/\/photoboxhr.com\/?page_id=91"},"modified":"2023-04-12T07:25:34","modified_gmt":"2023-04-12T07:25:34","slug":"poslovni-eventi","status":"publish","type":"page","link":"https:\/\/photoboxhr.com\/en\/poslovni-eventi\/","title":{"rendered":"Business events"},"content":{"rendered":"<p>Organizacija eventa ne mora biti dosadna ako u nju uklju\u010dite photo booth koji je na svakom eventu omiljeno mjesto svih sudionika. Nije bitno koja je vrsta doga\u0111aja, bitno je da \u0107ete sa svaki put ku\u0107i odlaziti sa odli\u010dnim uspomenama.<\/p>","protected":false},"excerpt":{"rendered":"<p>Organizacija eventa ne mora biti dosadna ako u nju uklju\u010dite photo booth koji je na svakom eventu omiljeno mjesto svih sudionika. Nije bitno koja je vrsta doga\u0111aja, bitno je da \u0107ete sa svaki put ku\u0107i odlaziti sa odli\u010dnim uspomenama.<\/p>","protected":false},"author":2,"featured_media":279,"parent":0,"menu_order":0,"comment_status":"closed","ping_status":"closed","template":"","meta":{"slim_seo":{"title":"Poslovni eventi - PhotoBox photo booth","description":"The organization of the event does not have to be boring if you include a photo booth, which is the favorite place of all participants at every event."},"footnotes":""},"class_list":["post-91","page","type-page","status-publish","has-post-thumbnail","hentry"],"meta_box":{"partneri":[],"galerija_partnera":[],"dodatne_informacije":"","savrseno_za":[],"recenzije":[{"naslov":"Tena (Degordian)","opis":"S ekipom iz PhotoBoxa smo se sve dogovorili vrlo brzo i jednostavno, veoma su profesionalno sve odradili i po komentarima gostiju mogu re\u0107i da je photo booth na eventu bio pun pogodak"},{"naslov":"Hrvoje Capan","opis":"Prilikom organiziranja eventa odlu\u010dili smo anga\u017eirati PhotoBox photo booth, i mogu re\u0107i da nam je to bila jedna od boljih odluka  za promoviranje eventa. Odli\u010dna prilika za brand awareness i promociju. Svaka \u010dast ljubaznim hostesama i ostatku osoblja"}],"video":[]},"_links":{"self":[{"href":"https:\/\/photoboxhr.com\/en\/wp-json\/wp\/v2\/pages\/91","targetHints":{"allow":["GET"]}}],"collection":[{"href":"https:\/\/photoboxhr.com\/en\/wp-json\/wp\/v2\/pages"}],"about":[{"href":"https:\/\/photoboxhr.com\/en\/wp-json\/wp\/v2\/types\/page"}],"author":[{"embeddable":true,"href":"https:\/\/photoboxhr.com\/en\/wp-json\/wp\/v2\/users\/2"}],"replies":[{"embeddable":true,"href":"https:\/\/photoboxhr.com\/en\/wp-json\/wp\/v2\/comments?post=91"}],"version-history":[{"count":1,"href":"https:\/\/photoboxhr.com\/en\/wp-json\/wp\/v2\/pages\/91\/revisions"}],"predecessor-version":[{"id":93,"href":"https:\/\/photoboxhr.com\/en\/wp-json\/wp\/v2\/pages\/91\/revisions\/93"}],"wp:featuredmedia":[{"embeddable":true,"href":"https:\/\/photoboxhr.com\/en\/wp-json\/wp\/v2\/media\/279"}],"wp:attachment":[{"href":"https:\/\/photoboxhr.com\/en\/wp-json\/wp\/v2\/media?parent=91"}],"curies":[{"name":"wp","href":"https:\/\/api.w.org\/{rel}","templated":true}]}}